{"id":727,"date":"2024-11-18T13:00:00","date_gmt":"2024-11-18T13:00:00","guid":{"rendered":"https:\/\/lavtonet.ca\/?page_id=727"},"modified":"2025-08-11T19:52:58","modified_gmt":"2025-08-11T23:52:58","slug":"entretien-commercial","status":"publish","type":"page","link":"https:\/\/lavtonet.ca\/fr_ca\/entretien-commercial\/","title":{"rendered":"Entretien Commercial"},"content":{"rendered":"\t\t<div data-elementor-type=\"wp-page\" data-elementor-id=\"727\" class=\"elementor elementor-727\" data-elementor-post-type=\"page\">\n\t\t\t\t<div class=\"elementor-element elementor-element-3be3d7b e-flex e-con-boxed e-con e-parent\" data-id=\"3be3d7b\" data-element_type=\"container\" data-e-type=\"container\">\n\t\t\t\t\t<div class=\"e-con-inner\">\n\t\t\t\t<div class=\"elementor-element elementor-element-edc69a0 elementor-widget elementor-widget-heading\" data-id=\"edc69a0\" data-element_type=\"widget\" data-e-type=\"widget\" data-widget_type=\"heading.default\">\n\t\t\t\t<div class=\"elementor-widget-container\">\n\t\t\t\t\t<h1 class=\"elementor-heading-title elementor-size-default\">Entretien Commercial<\/h1>\t\t\t\t<\/div>\n\t\t\t\t<\/div>\n\t\t\t\t<div class=\"elementor-element elementor-element-d571042 elementor-widget__width-initial elementor-widget elementor-widget-text-editor\" data-id=\"d571042\" data-element_type=\"widget\" data-e-type=\"widget\" data-widget_type=\"text-editor.default\">\n\t\t\t\t<div class=\"elementor-widget-container\">\n\t\t\t\t\t\t\t\t\t<p><strong data-start=\"269\" data-end=\"378\"><span class=\"_fadeIn_m1hgl_8\">Confiez <\/span><span class=\"_fadeIn_m1hgl_8\">votre <\/span><span class=\"_fadeIn_m1hgl_8\">entretien <\/span><span class=\"_fadeIn_m1hgl_8\">m\u00e9nager <\/span><span class=\"_fadeIn_m1hgl_8\">commercial <\/span><span class=\"_fadeIn_m1hgl_8\">\u00e0 <\/span><span class=\"_fadeIn_m1hgl_8\">une <\/span><span class=\"_fadeIn_m1hgl_8\">\u00e9quipe <\/span><span class=\"_fadeIn_m1hgl_8\">d\u2019experts <\/span><span class=\"_fadeIn_m1hgl_8\">d\u00e9di\u00e9e <\/span><span class=\"_fadeIn_m1hgl_8\">\u00e0 <\/span><span class=\"_fadeIn_m1hgl_8\">la <\/span><span class=\"_fadeIn_m1hgl_8\">propret\u00e9 <\/span><span class=\"_fadeIn_m1hgl_8\">et <\/span><span class=\"_fadeIn_m1hgl_8\">\u00e0 <\/span><span class=\"_fadeIn_m1hgl_8\">la <\/span><span class=\"_fadeIn_m1hgl_8\">fiabilit\u00e9.<\/span><\/strong> <span class=\"_fadeIn_m1hgl_8\">Chez <\/span><a class=\"\" href=\"https:\/\/lavtonet.ca\" target=\"_new\" rel=\"noopener\" data-start=\"384\" data-end=\"422\"><span class=\"_fadeIn_m1hgl_8\">LavToNet <\/span><span class=\"_fadeIn_m1hgl_8\">Qu\u00e9bec<\/span><\/a><span class=\"_fadeIn_m1hgl_8\">, <\/span><span class=\"_fadeIn_m1hgl_8\">nous <\/span><span class=\"_fadeIn_m1hgl_8\">comprenons <\/span><span class=\"_fadeIn_m1hgl_8\">que <\/span><span class=\"_fadeIn_m1hgl_8\">des <\/span><span class=\"_fadeIn_m1hgl_8\">espaces <\/span><span class=\"_fadeIn_m1hgl_8\">de <\/span><span class=\"_fadeIn_m1hgl_8\">travail <\/span><span class=\"_fadeIn_m1hgl_8\">impeccables <\/span><span class=\"_fadeIn_m1hgl_8\">contribuent <\/span><span class=\"_fadeIn_m1hgl_8\">directement <\/span><span class=\"_fadeIn_m1hgl_8\">au <\/span><span class=\"_fadeIn_m1hgl_8\">bien-<\/span><span class=\"_fadeIn_m1hgl_8\">\u00eatre <\/span><span class=\"_fadeIn_m1hgl_8\">de <\/span><span class=\"_fadeIn_m1hgl_8\">vos <\/span><span class=\"_fadeIn_m1hgl_8\">employ\u00e9s, <\/span><span class=\"_fadeIn_m1hgl_8\">\u00e0 <\/span><span class=\"_fadeIn_m1hgl_8\">l\u2019image <\/span><span class=\"_fadeIn_m1hgl_8\">de <\/span><span class=\"_fadeIn_m1hgl_8\">marque <\/span><span class=\"_fadeIn_m1hgl_8\">de <\/span><span class=\"_fadeIn_m1hgl_8\">votre <\/span><span class=\"_fadeIn_m1hgl_8\">entreprise <\/span><span class=\"_fadeIn_m1hgl_8\">et <\/span><span class=\"_fadeIn_m1hgl_8\">\u00e0 <\/span><span class=\"_fadeIn_m1hgl_8\">la <\/span><span class=\"_fadeIn_m1hgl_8\">satisfaction <\/span><span class=\"_fadeIn_m1hgl_8\">de <\/span><span class=\"_fadeIn_m1hgl_8\">vos <\/span><span class=\"_fadeIn_m1hgl_8\">clients. <\/span><span class=\"_fadeIn_m1hgl_8\">Pendant <\/span><span class=\"_fadeIn_m1hgl_8\">que <\/span><span class=\"_fadeIn_m1hgl_8\">nous <\/span><span class=\"_fadeIn_m1hgl_8\">assurons <\/span><span class=\"_fadeIn_m1hgl_8\">un <\/span><a class=\"cursor-pointer\" href=\"https:\/\/lavtonet.ca\/services\/\" target=\"_new\" rel=\"noopener\" data-start=\"639\" data-end=\"725\"><span class=\"_fadeIn_m1hgl_8\">nettoyage <\/span><span class=\"_fadeIn_m1hgl_8\">professionnel <\/span><span class=\"_fadeIn_m1hgl_8\">rigoureux<\/span><\/a><span class=\"_fadeIn_m1hgl_8\">, <\/span><span class=\"_fadeIn_m1hgl_8\">vous <\/span><span class=\"_fadeIn_m1hgl_8\">pouvez <\/span><span class=\"_fadeIn_m1hgl_8\">vous <\/span><span class=\"_fadeIn_m1hgl_8\">concentrer <\/span><span class=\"_fadeIn_m1hgl_8\">pleinement <\/span><span class=\"_fadeIn_m1hgl_8\">sur <\/span><span class=\"_fadeIn_m1hgl_8\">vos <\/span><span class=\"_fadeIn_m1hgl_8\">priorit\u00e9s <\/span><span class=\"_fadeIn_m1hgl_8\">d\u2019affaires. <\/span><span class=\"_fadeIn_m1hgl_8\">Nos <\/span><span class=\"_fadeIn_m1hgl_8\">services <\/span><span class=\"_fadeIn_m1hgl_8\">s\u2019adaptent <\/span><span class=\"_fadeIn_m1hgl_8\">\u00e0 <\/span><span class=\"_fadeIn_m1hgl_8\">tous <\/span><span class=\"_fadeIn_m1hgl_8\">types <\/span><span class=\"_fadeIn_m1hgl_8\">d\u2019environnements <\/span><span class=\"_fadeIn_m1hgl_8\">professionnels, <\/span><span class=\"_fadeIn_m1hgl_8\">que <\/span><span class=\"_fadeIn_m1hgl_8\">ce <\/span><span class=\"_fadeIn_m1hgl_8\">soit <\/span><span class=\"_fadeIn_m1hgl_8\">des <\/span><a class=\"cursor-pointer\" href=\"https:\/\/lavtonet.ca\/service-entretien-institutionnel\/\" target=\"_new\" rel=\"noopener\" data-start=\"882\" data-end=\"961\"><span class=\"_fadeIn_m1hgl_8\">bureaux <\/span><span class=\"_fadeIn_m1hgl_8\">administratifs<\/span><\/a><span class=\"_fadeIn_m1hgl_8\">, <\/span><span class=\"_fadeIn_m1hgl_8\">des <\/span><span class=\"_fadeIn_m1hgl_8\">commerces, <\/span><span class=\"_fadeIn_m1hgl_8\">des <\/span><span class=\"_fadeIn_m1hgl_8\">copropri\u00e9t\u00e9s <\/span><span class=\"_fadeIn_m1hgl_8\">ou <\/span><span class=\"_fadeIn_m1hgl_8\">des <\/span><span class=\"_fadeIn_m1hgl_8\">installations <\/span><span class=\"_fadeIn_m1hgl_8\">\u00e0 <\/span><span class=\"_fadeIn_m1hgl_8\">fort <\/span><span class=\"_fadeIn_m1hgl_8\">achalandage. <\/span><span class=\"_fadeIn_m1hgl_8\">Nous <\/span><span class=\"_fadeIn_m1hgl_8\">utilisons <\/span><span class=\"_fadeIn_m1hgl_8\">des <\/span><span class=\"_fadeIn_m1hgl_8\">produits <\/span><span class=\"_fadeIn_m1hgl_8\">de <\/span><span class=\"_fadeIn_m1hgl_8\">qualit\u00e9, <\/span><span class=\"_fadeIn_m1hgl_8\">des <\/span><span class=\"_fadeIn_m1hgl_8\">proc\u00e9dures <\/span><span class=\"_fadeIn_m1hgl_8\">standardis\u00e9es <\/span><span class=\"_fadeIn_m1hgl_8\">et <\/span><span class=\"_fadeIn_m1hgl_8\">un <\/span><span class=\"_fadeIn_m1hgl_8\">suivi <\/span><span class=\"_fadeIn_m1hgl_8\">rigoureux <\/span><span class=\"_fadeIn_m1hgl_8\">pour <\/span><span class=\"_fadeIn_m1hgl_8\">garantir <\/span><span class=\"_fadeIn_m1hgl_8\">une <\/span><span class=\"_fadeIn_m1hgl_8\">constance <\/span><span class=\"_fadeIn_m1hgl_8\">\u00e0 <\/span><span class=\"_fadeIn_m1hgl_8\">long <\/span><span class=\"_fadeIn_m1hgl_8\">terme. <\/span><a class=\"\" href=\"https:\/\/lavtonet.ca\/contactez-nous\/\" target=\"_new\" rel=\"noopener\" data-start=\"1169\" data-end=\"1222\"><span class=\"_fadeIn_m1hgl_8\">Contactez-<\/span><span class=\"_fadeIn_m1hgl_8\">nous<\/span><\/a> <span class=\"_fadeIn_m1hgl_8\">d\u00e8s <\/span><span class=\"_fadeIn_m1hgl_8\">aujourd\u2019hui <\/span><span class=\"_fadeIn_m1hgl_8\">pour <\/span><span class=\"_fadeIn_m1hgl_8\">une <\/span><span class=\"_fadeIn_m1hgl_8\">soumission <\/span><span class=\"_fadeIn_m1hgl_8\">gratuite <\/span><span class=\"_fadeIn_m1hgl_8\">et <\/span><span class=\"_fadeIn_m1hgl_8\">d\u00e9couvrez <\/span><span class=\"_fadeIn_m1hgl_8\">comment <\/span><span class=\"_fadeIn_m1hgl_8\">LavToNet <\/span><span class=\"_fadeIn_m1hgl_8\">peut <\/span><span class=\"_fadeIn_m1hgl_8\">contribuer <\/span><span class=\"_fadeIn_m1hgl_8\">\u00e0 <\/span><span class=\"_fadeIn_m1hgl_8\">l\u2019excellence <\/span><span class=\"_fadeIn_m1hgl_8\">de <\/span><span class=\"_fadeIn_m1hgl_8\">vos <\/span><span class=\"_fadeIn_m1hgl_8\">op\u00e9rations.<\/span><\/p>\t\t\t\t\t\t\t\t<\/div>\n\t\t\t\t<\/div>\n\t\t\t\t<div class=\"elementor-element elementor-element-e91376f elementor-widget elementor-widget-gallery\" data-id=\"e91376f\" data-element_type=\"widget\" data-e-type=\"widget\" data-settings=\"{&quot;columns&quot;:3,&quot;gap&quot;:{&quot;unit&quot;:&quot;px&quot;,&quot;size&quot;:25,&quot;sizes&quot;:[]},&quot;aspect_ratio&quot;:&quot;4:3&quot;,&quot;lazyload&quot;:&quot;yes&quot;,&quot;gallery_layout&quot;:&quot;grid&quot;,&quot;columns_tablet&quot;:2,&quot;columns_mobile&quot;:1,&quot;gap_tablet&quot;:{&quot;unit&quot;:&quot;px&quot;,&quot;size&quot;:10,&quot;sizes&quot;:[]},&quot;gap_mobile&quot;:{&quot;unit&quot;:&quot;px&quot;,&quot;size&quot;:10,&quot;sizes&quot;:[]},&quot;link_to&quot;:&quot;file&quot;,&quot;overlay_background&quot;:&quot;yes&quot;,&quot;content_hover_animation&quot;:&quot;fade-in&quot;}\" data-widget_type=\"gallery.default\">\n\t\t\t\t<div class=\"elementor-widget-container\">\n\t\t\t\t\t\t\t<div class=\"elementor-gallery__container\">\n\t\t\t\t\t\t\t<a class=\"e-gallery-item elementor-gallery-item elementor-animated-content\" href=\"https:\/\/lavtonet.ca\/wp-content\/uploads\/Gallery-Commercial-11.webp\" data-elementor-open-lightbox=\"yes\" data-elementor-lightbox-slideshow=\"e91376f\" data-elementor-lightbox-title=\"Gallery-Commercial-11\" data-e-action-hash=\"#elementor-action%3Aaction%3Dlightbox%26settings%3DeyJpZCI6MTU1MCwidXJsIjoiaHR0cHM6XC9cL2xhdnRvbmV0LmNhXC93cC1jb250ZW50XC91cGxvYWRzXC9HYWxsZXJ5LUNvbW1lcmNpYWwtMTEud2VicCIsInNsaWRlc2hvdyI6ImU5MTM3NmYifQ%3D%3D\">\n\t\t\t\t\t<div class=\"e-gallery-image elementor-gallery-item__image\" data-thumbnail=\"https:\/\/lavtonet.ca\/wp-content\/uploads\/Gallery-Commercial-11.webp\" data-width=\"951\" data-height=\"612\" aria-label=\"entretien et nettoyage commercial et industriel\" role=\"img\" ><\/div>\n\t\t\t\t\t\t\t\t\t\t\t<div class=\"elementor-gallery-item__overlay\"><\/div>\n\t\t\t\t\t\t\t\t\t\t\t\t\t\t<\/a>\n\t\t\t\t\t\t\t<a class=\"e-gallery-item elementor-gallery-item elementor-animated-content\" href=\"https:\/\/lavtonet.ca\/wp-content\/uploads\/Gallery-Commercial-10.webp\" data-elementor-open-lightbox=\"yes\" data-elementor-lightbox-slideshow=\"e91376f\" data-elementor-lightbox-title=\"Gallery-Commercial-10\" data-e-action-hash=\"#elementor-action%3Aaction%3Dlightbox%26settings%3DeyJpZCI6MTU1MSwidXJsIjoiaHR0cHM6XC9cL2xhdnRvbmV0LmNhXC93cC1jb250ZW50XC91cGxvYWRzXC9HYWxsZXJ5LUNvbW1lcmNpYWwtMTAud2VicCIsInNsaWRlc2hvdyI6ImU5MTM3NmYifQ%3D%3D\">\n\t\t\t\t\t<div class=\"e-gallery-image elementor-gallery-item__image\" data-thumbnail=\"https:\/\/lavtonet.ca\/wp-content\/uploads\/Gallery-Commercial-10.webp\" data-width=\"951\" data-height=\"612\" aria-label=\"maintenance plancher entretien m\u00e9nager et nettoyage commercial ville de qu\u00e9bec\" role=\"img\" ><\/div>\n\t\t\t\t\t\t\t\t\t\t\t<div class=\"elementor-gallery-item__overlay\"><\/div>\n\t\t\t\t\t\t\t\t\t\t\t\t\t\t<\/a>\n\t\t\t\t\t\t\t<a class=\"e-gallery-item elementor-gallery-item elementor-animated-content\" href=\"https:\/\/lavtonet.ca\/wp-content\/uploads\/Gallery-Commercial-9.webp\" data-elementor-open-lightbox=\"yes\" data-elementor-lightbox-slideshow=\"e91376f\" data-elementor-lightbox-title=\"Gallery-Commercial-9\" data-e-action-hash=\"#elementor-action%3Aaction%3Dlightbox%26settings%3DeyJpZCI6MTU1MiwidXJsIjoiaHR0cHM6XC9cL2xhdnRvbmV0LmNhXC93cC1jb250ZW50XC91cGxvYWRzXC9HYWxsZXJ5LUNvbW1lcmNpYWwtOS53ZWJwIiwic2xpZGVzaG93IjoiZTkxMzc2ZiJ9\">\n\t\t\t\t\t<div class=\"e-gallery-image elementor-gallery-item__image\" data-thumbnail=\"https:\/\/lavtonet.ca\/wp-content\/uploads\/Gallery-Commercial-9.webp\" data-width=\"951\" data-height=\"612\" aria-label=\"d\u00e9capage et cirage plancher lobby hotel\" role=\"img\" ><\/div>\n\t\t\t\t\t\t\t\t\t\t\t<div class=\"elementor-gallery-item__overlay\"><\/div>\n\t\t\t\t\t\t\t\t\t\t\t\t\t\t<\/a>\n\t\t\t\t\t\t\t<a class=\"e-gallery-item elementor-gallery-item elementor-animated-content\" href=\"https:\/\/lavtonet.ca\/wp-content\/uploads\/Gallery-Commercial-8.webp\" data-elementor-open-lightbox=\"yes\" data-elementor-lightbox-slideshow=\"e91376f\" data-elementor-lightbox-title=\"Gallery-Commercial-8\" data-e-action-hash=\"#elementor-action%3Aaction%3Dlightbox%26settings%3DeyJpZCI6MTU1MywidXJsIjoiaHR0cHM6XC9cL2xhdnRvbmV0LmNhXC93cC1jb250ZW50XC91cGxvYWRzXC9HYWxsZXJ5LUNvbW1lcmNpYWwtOC53ZWJwIiwic2xpZGVzaG93IjoiZTkxMzc2ZiJ9\">\n\t\t\t\t\t<div class=\"e-gallery-image elementor-gallery-item__image\" data-thumbnail=\"https:\/\/lavtonet.ca\/wp-content\/uploads\/Gallery-Commercial-8.webp\" data-width=\"951\" data-height=\"612\" aria-label=\"entretien m\u00e9nager industriel\" role=\"img\" ><\/div>\n\t\t\t\t\t\t\t\t\t\t\t<div class=\"elementor-gallery-item__overlay\"><\/div>\n\t\t\t\t\t\t\t\t\t\t\t\t\t\t<\/a>\n\t\t\t\t\t\t\t<a class=\"e-gallery-item elementor-gallery-item elementor-animated-content\" href=\"https:\/\/lavtonet.ca\/wp-content\/uploads\/Gallery-Commercial-7.webp\" data-elementor-open-lightbox=\"yes\" data-elementor-lightbox-slideshow=\"e91376f\" data-elementor-lightbox-title=\"Gallery-Commercial-7\" data-e-action-hash=\"#elementor-action%3Aaction%3Dlightbox%26settings%3DeyJpZCI6MTU1NCwidXJsIjoiaHR0cHM6XC9cL2xhdnRvbmV0LmNhXC93cC1jb250ZW50XC91cGxvYWRzXC9HYWxsZXJ5LUNvbW1lcmNpYWwtNy53ZWJwIiwic2xpZGVzaG93IjoiZTkxMzc2ZiJ9\">\n\t\t\t\t\t<div class=\"e-gallery-image elementor-gallery-item__image\" data-thumbnail=\"https:\/\/lavtonet.ca\/wp-content\/uploads\/Gallery-Commercial-7.webp\" data-width=\"951\" data-height=\"612\" aria-label=\"d\u00e9capage et cirage plancher\" role=\"img\" ><\/div>\n\t\t\t\t\t\t\t\t\t\t\t<div class=\"elementor-gallery-item__overlay\"><\/div>\n\t\t\t\t\t\t\t\t\t\t\t\t\t\t<\/a>\n\t\t\t\t\t\t\t<a class=\"e-gallery-item elementor-gallery-item elementor-animated-content\" href=\"https:\/\/lavtonet.ca\/wp-content\/uploads\/Gallery-Commercial-6.webp\" data-elementor-open-lightbox=\"yes\" data-elementor-lightbox-slideshow=\"e91376f\" data-elementor-lightbox-title=\"Gallery-Commercial-6\" data-e-action-hash=\"#elementor-action%3Aaction%3Dlightbox%26settings%3DeyJpZCI6MTU1NSwidXJsIjoiaHR0cHM6XC9cL2xhdnRvbmV0LmNhXC93cC1jb250ZW50XC91cGxvYWRzXC9HYWxsZXJ5LUNvbW1lcmNpYWwtNi53ZWJwIiwic2xpZGVzaG93IjoiZTkxMzc2ZiJ9\">\n\t\t\t\t\t<div class=\"e-gallery-image elementor-gallery-item__image\" data-thumbnail=\"https:\/\/lavtonet.ca\/wp-content\/uploads\/Gallery-Commercial-6.webp\" data-width=\"951\" data-height=\"612\" aria-label=\"d\u00e9capage et cirage plancher\" role=\"img\" ><\/div>\n\t\t\t\t\t\t\t\t\t\t\t<div class=\"elementor-gallery-item__overlay\"><\/div>\n\t\t\t\t\t\t\t\t\t\t\t\t\t\t<\/a>\n\t\t\t\t\t\t\t<a class=\"e-gallery-item elementor-gallery-item elementor-animated-content\" href=\"https:\/\/lavtonet.ca\/wp-content\/uploads\/Gallery-Commercial-5.webp\" data-elementor-open-lightbox=\"yes\" data-elementor-lightbox-slideshow=\"e91376f\" data-elementor-lightbox-title=\"Gallery-Commercial-5\" data-e-action-hash=\"#elementor-action%3Aaction%3Dlightbox%26settings%3DeyJpZCI6MTU1NiwidXJsIjoiaHR0cHM6XC9cL2xhdnRvbmV0LmNhXC93cC1jb250ZW50XC91cGxvYWRzXC9HYWxsZXJ5LUNvbW1lcmNpYWwtNS53ZWJwIiwic2xpZGVzaG93IjoiZTkxMzc2ZiJ9\">\n\t\t\t\t\t<div class=\"e-gallery-image elementor-gallery-item__image\" data-thumbnail=\"https:\/\/lavtonet.ca\/wp-content\/uploads\/Gallery-Commercial-5.webp\" data-width=\"951\" data-height=\"612\" aria-label=\"plancher atelier propre\" role=\"img\" ><\/div>\n\t\t\t\t\t\t\t\t\t\t\t<div class=\"elementor-gallery-item__overlay\"><\/div>\n\t\t\t\t\t\t\t\t\t\t\t\t\t\t<\/a>\n\t\t\t\t\t\t\t<a class=\"e-gallery-item elementor-gallery-item elementor-animated-content\" href=\"https:\/\/lavtonet.ca\/wp-content\/uploads\/Gallery-Commercial-4.webp\" data-elementor-open-lightbox=\"yes\" data-elementor-lightbox-slideshow=\"e91376f\" data-elementor-lightbox-title=\"Gallery-Commercial-4\" data-e-action-hash=\"#elementor-action%3Aaction%3Dlightbox%26settings%3DeyJpZCI6MTU1NywidXJsIjoiaHR0cHM6XC9cL2xhdnRvbmV0LmNhXC93cC1jb250ZW50XC91cGxvYWRzXC9HYWxsZXJ5LUNvbW1lcmNpYWwtNC53ZWJwIiwic2xpZGVzaG93IjoiZTkxMzc2ZiJ9\">\n\t\t\t\t\t<div class=\"e-gallery-image elementor-gallery-item__image\" data-thumbnail=\"https:\/\/lavtonet.ca\/wp-content\/uploads\/Gallery-Commercial-4.webp\" data-width=\"951\" data-height=\"612\" aria-label=\"nettoyage et entretien m\u00e9nager industriel\" role=\"img\" ><\/div>\n\t\t\t\t\t\t\t\t\t\t\t<div class=\"elementor-gallery-item__overlay\"><\/div>\n\t\t\t\t\t\t\t\t\t\t\t\t\t\t<\/a>\n\t\t\t\t\t\t\t<a class=\"e-gallery-item elementor-gallery-item elementor-animated-content\" href=\"https:\/\/lavtonet.ca\/wp-content\/uploads\/Gallery-Commercial-3.webp\" data-elementor-open-lightbox=\"yes\" data-elementor-lightbox-slideshow=\"e91376f\" data-elementor-lightbox-title=\"Gallery-Commercial-3\" data-e-action-hash=\"#elementor-action%3Aaction%3Dlightbox%26settings%3DeyJpZCI6MTU1OCwidXJsIjoiaHR0cHM6XC9cL2xhdnRvbmV0LmNhXC93cC1jb250ZW50XC91cGxvYWRzXC9HYWxsZXJ5LUNvbW1lcmNpYWwtMy53ZWJwIiwic2xpZGVzaG93IjoiZTkxMzc2ZiJ9\">\n\t\t\t\t\t<div class=\"e-gallery-image elementor-gallery-item__image\" data-thumbnail=\"https:\/\/lavtonet.ca\/wp-content\/uploads\/Gallery-Commercial-3.webp\" data-width=\"951\" data-height=\"612\" aria-label=\"d\u00e9capage et cirage plancher entretien m\u00e9nager\" role=\"img\" ><\/div>\n\t\t\t\t\t\t\t\t\t\t\t<div class=\"elementor-gallery-item__overlay\"><\/div>\n\t\t\t\t\t\t\t\t\t\t\t\t\t\t<\/a>\n\t\t\t\t\t\t\t<a class=\"e-gallery-item elementor-gallery-item elementor-animated-content\" href=\"https:\/\/lavtonet.ca\/wp-content\/uploads\/Gallery-Commercial-2.webp\" data-elementor-open-lightbox=\"yes\" data-elementor-lightbox-slideshow=\"e91376f\" data-elementor-lightbox-title=\"Gallery-Commercial-2\" data-e-action-hash=\"#elementor-action%3Aaction%3Dlightbox%26settings%3DeyJpZCI6MTU1OSwidXJsIjoiaHR0cHM6XC9cL2xhdnRvbmV0LmNhXC93cC1jb250ZW50XC91cGxvYWRzXC9HYWxsZXJ5LUNvbW1lcmNpYWwtMi53ZWJwIiwic2xpZGVzaG93IjoiZTkxMzc2ZiJ9\">\n\t\t\t\t\t<div class=\"e-gallery-image elementor-gallery-item__image\" data-thumbnail=\"https:\/\/lavtonet.ca\/wp-content\/uploads\/Gallery-Commercial-2.webp\" data-width=\"951\" data-height=\"612\" aria-label=\"d\u00e9capage et cirage plancher entretien m\u00e9nager et nettoyage commercial ville de qu\u00e9bec\" role=\"img\" ><\/div>\n\t\t\t\t\t\t\t\t\t\t\t<div class=\"elementor-gallery-item__overlay\"><\/div>\n\t\t\t\t\t\t\t\t\t\t\t\t\t\t<\/a>\n\t\t\t\t\t\t\t<a class=\"e-gallery-item elementor-gallery-item elementor-animated-content\" href=\"https:\/\/lavtonet.ca\/wp-content\/uploads\/Gallery-Commercial-1.webp\" data-elementor-open-lightbox=\"yes\" data-elementor-lightbox-slideshow=\"e91376f\" data-elementor-lightbox-title=\"Gallery-Commercial-1\" data-e-action-hash=\"#elementor-action%3Aaction%3Dlightbox%26settings%3DeyJpZCI6MTU2MCwidXJsIjoiaHR0cHM6XC9cL2xhdnRvbmV0LmNhXC93cC1jb250ZW50XC91cGxvYWRzXC9HYWxsZXJ5LUNvbW1lcmNpYWwtMS53ZWJwIiwic2xpZGVzaG93IjoiZTkxMzc2ZiJ9\">\n\t\t\t\t\t<div class=\"e-gallery-image elementor-gallery-item__image\" data-thumbnail=\"https:\/\/lavtonet.ca\/wp-content\/uploads\/Gallery-Commercial-1.webp\" data-width=\"951\" data-height=\"612\" aria-label=\"d\u00e9capage et cirage plancher entretien m\u00e9nager et nettoyage commercial ville de qu\u00e9bec\" role=\"img\" ><\/div>\n\t\t\t\t\t\t\t\t\t\t\t<div class=\"elementor-gallery-item__overlay\"><\/div>\n\t\t\t\t\t\t\t\t\t\t\t\t\t\t<\/a>\n\t\t\t\t\t<\/div>\n\t\t\t\t\t<\/div>\n\t\t\t\t<\/div>\n\t\t\t\t\t<\/div>\n\t\t\t\t<\/div>\n\t\t\t\t<\/div>\n\t\t","protected":false},"excerpt":{"rendered":"<p>Entretien Commercial Confiez votre entretien m\u00e9nager commercial \u00e0 une \u00e9quipe d\u2019experts d\u00e9di\u00e9e \u00e0 la propret\u00e9 et \u00e0 la fiabilit\u00e9. Chez [&hellip;]<\/p>\n","protected":false},"author":3,"featured_media":0,"parent":0,"menu_order":0,"comment_status":"closed","ping_status":"closed","template":"","meta":{"site-sidebar-layout":"no-sidebar","site-content-layout":"","ast-site-content-layout":"full-width-container","site-content-style":"default","site-sidebar-style":"default","ast-global-header-display":"","ast-banner-title-visibility":"","ast-main-header-display":"","ast-hfb-above-header-display":"","ast-hfb-below-header-display":"","ast-hfb-mobile-header-display":"","site-post-title":"disabled","ast-breadcrumbs-content":"","ast-featured-img":"disabled","footer-sml-layout":"","ast-disable-related-posts":"","theme-transparent-header-meta":"default","adv-header-id-meta":"","stick-header-meta":"","header-above-stick-meta":"","header-main-stick-meta":"","header-below-stick-meta":"","astra-migrate-meta-layouts":"set","ast-page-background-enabled":"default","ast-page-background-meta":{"desktop":{"background-color":"var(--ast-global-color-4)","background-image":"","background-repeat":"repeat","background-position":"center center","background-size":"auto","background-attachment":"scroll","background-type":"","background-media":"","overlay-type":"","overlay-color":"","overlay-opacity":"","overlay-gradient":""},"tablet":{"background-color":"","background-image":"","background-repeat":"repeat","background-position":"center center","background-size":"auto","background-attachment":"scroll","background-type":"","background-media":"","overlay-type":"","overlay-color":"","overlay-opacity":"","overlay-gradient":""},"mobile":{"background-color":"","background-image":"","background-repeat":"repeat","background-position":"center center","background-size":"auto","background-attachment":"scroll","background-type":"","background-media":"","overlay-type":"","overlay-color":"","overlay-opacity":"","overlay-gradient":""}},"ast-content-background-meta":{"desktop":{"background-color":"var(--ast-global-color-5)","background-image":"","background-repeat":"repeat","background-position":"center center","background-size":"auto","background-attachment":"scroll","background-type":"","background-media":"","overlay-type":"","overlay-color":"","overlay-opacity":"","overlay-gradient":""},"tablet":{"background-color":"var(--ast-global-color-5)","background-image":"","background-repeat":"repeat","background-position":"center center","background-size":"auto","background-attachment":"scroll","background-type":"","background-media":"","overlay-type":"","overlay-color":"","overlay-opacity":"","overlay-gradient":""},"mobile":{"background-color":"var(--ast-global-color-5)","background-image":"","background-repeat":"repeat","background-position":"center center","background-size":"auto","background-attachment":"scroll","background-type":"","background-media":"","overlay-type":"","overlay-color":"","overlay-opacity":"","overlay-gradient":""}},"footnotes":""},"class_list":["post-727","page","type-page","status-publish","hentry"],"_links":{"self":[{"href":"https:\/\/lavtonet.ca\/fr_ca\/wp-json\/wp\/v2\/pages\/727","targetHints":{"allow":["GET"]}}],"collection":[{"href":"https:\/\/lavtonet.ca\/fr_ca\/wp-json\/wp\/v2\/pages"}],"about":[{"href":"https:\/\/lavtonet.ca\/fr_ca\/wp-json\/wp\/v2\/types\/page"}],"author":[{"embeddable":true,"href":"https:\/\/lavtonet.ca\/fr_ca\/wp-json\/wp\/v2\/users\/3"}],"replies":[{"embeddable":true,"href":"https:\/\/lavtonet.ca\/fr_ca\/wp-json\/wp\/v2\/comments?post=727"}],"version-history":[{"count":0,"href":"https:\/\/lavtonet.ca\/fr_ca\/wp-json\/wp\/v2\/pages\/727\/revisions"}],"wp:attachment":[{"href":"https:\/\/lavtonet.ca\/fr_ca\/wp-json\/wp\/v2\/media?parent=727"}],"curies":[{"name":"wp","href":"https:\/\/api.w.org\/{rel}","templated":true}]}}