{"id":2670,"date":"2025-07-22T03:27:35","date_gmt":"2025-07-22T07:27:35","guid":{"rendered":"https:\/\/lavtonet.ca\/?page_id=2670"},"modified":"2025-07-22T03:52:20","modified_gmt":"2025-07-22T07:52:20","slug":"dentretien-menager-commercial-a-quebec","status":"publish","type":"page","link":"https:\/\/lavtonet.ca\/en\/compagnie-dentretien-menager-commercial-a-quebec\/","title":{"rendered":"Commercial cleaning company in Quebec City"},"content":{"rendered":"<div data-elementor-type=\"wp-page\" data-elementor-id=\"2670\" class=\"elementor elementor-2670\" data-elementor-post-type=\"page\">\n\t\t\t\t\t\t<section class=\"elementor-section elementor-top-section elementor-element elementor-element-1f16389c elementor-section-boxed elementor-section-height-default elementor-section-height-default\" data-id=\"1f16389c\" data-element_type=\"section\" data-e-type=\"section\">\n\t\t\t\t\t\t<div class=\"elementor-container elementor-column-gap-default\">\n\t\t\t\t\t<div class=\"elementor-column elementor-col-100 elementor-top-column elementor-element elementor-element-2b27a30\" data-id=\"2b27a30\" data-element_type=\"column\" data-e-type=\"column\">\n\t\t\t<div class=\"elementor-widget-wrap elementor-element-populated\">\n\t\t\t\t\t\t<div class=\"elementor-element elementor-element-31dd7946 elementor-widget elementor-widget-heading\" data-id=\"31dd7946\" data-element_type=\"widget\" data-e-type=\"widget\" data-widget_type=\"heading.default\">\n\t\t\t\t<div class=\"elementor-widget-container\">\n\t\t\t\t\t<h2 class=\"elementor-heading-title elementor-size-default\">Commercial cleaning company in Quebec City<\/h2>\t\t\t\t<\/div>\n\t\t\t\t<\/div>\n\t\t\t\t<div class=\"elementor-element elementor-element-63c65bb elementor-widget elementor-widget-heading\" data-id=\"63c65bb\" data-element_type=\"widget\" data-e-type=\"widget\" data-widget_type=\"heading.default\">\n\t\t\t\t<div class=\"elementor-widget-container\">\n\t\t\t\t\t<h1 class=\"elementor-heading-title elementor-size-default\"> Commercial cleaning company in Quebec City<\/h1>\t\t\t\t<\/div>\n\t\t\t\t<\/div>\n\t\t\t\t<div class=\"elementor-element elementor-element-6d9e9eee elementor-widget__width-initial elementor-widget elementor-widget-text-editor\" data-id=\"6d9e9eee\" data-element_type=\"widget\" data-e-type=\"widget\" data-widget_type=\"text-editor.default\">\n\t\t\t\t<div class=\"elementor-widget-container\">\n\t\t\t\t\t\t\t\t\t<p>Since 2015, LavToNet has been supporting companies and businesses in Quebec City with customized housekeeping services. Our team ensures cleanliness, safety and hygiene in your business premises.<\/p>\t\t\t\t\t\t\t\t<\/div>\n\t\t\t\t<\/div>\n\t\t\t\t<div class=\"elementor-element elementor-element-6077c3c5 elementor-widget elementor-widget-heading\" data-id=\"6077c3c5\" data-element_type=\"widget\" data-e-type=\"widget\" data-widget_type=\"heading.default\">\n\t\t\t\t<div class=\"elementor-widget-container\">\n\t\t\t\t\t<h2 class=\"elementor-heading-title elementor-size-default\">Housekeeping services tailored to your needs<\/h2>\t\t\t\t<\/div>\n\t\t\t\t<\/div>\n\t\t\t\t<div class=\"elementor-element elementor-element-4da8bf9 elementor-widget__width-initial elementor-widget-mobile__width-initial elementor-widget elementor-widget-text-editor\" data-id=\"4da8bf9\" data-element_type=\"widget\" data-e-type=\"widget\" data-widget_type=\"text-editor.default\">\n\t\t\t\t<div class=\"elementor-widget-container\">\n\t\t\t\t\t\t\t\t\t<ul style=\"list-style: none; padding-left: 0;\"><li><img decoding=\"async\" style=\"vertical-align: middle; margin-right: 8px;\" src=\"https:\/\/lavtonet.ca\/wp-content\/uploads\/favicon_Plan-de-travail-1.png\" alt=\"LavToNet star\" width=\"16\" title=\"\"> Daily office cleaning<\/li><li><img decoding=\"async\" style=\"vertical-align: middle; margin-right: 8px;\" src=\"https:\/\/lavtonet.ca\/wp-content\/uploads\/favicon_Plan-de-travail-1.png\" alt=\"LavToNet star\" width=\"16\" title=\"\"> Deep disinfection and cleaning<\/li><li><img decoding=\"async\" style=\"vertical-align: middle; margin-right: 8px;\" src=\"https:\/\/lavtonet.ca\/wp-content\/uploads\/favicon_Plan-de-travail-1.png\" alt=\"LavToNet star\" width=\"16\" title=\"\"> Maintenance of residential and commercial buildings<\/li><li><img decoding=\"async\" style=\"vertical-align: middle; margin-right: 8px;\" src=\"https:\/\/lavtonet.ca\/wp-content\/uploads\/favicon_Plan-de-travail-1.png\" alt=\"LavToNet star\" width=\"16\" title=\"\"> Floor stripping and waxing<\/li><li><img decoding=\"async\" style=\"vertical-align: middle; margin-right: 8px;\" src=\"https:\/\/lavtonet.ca\/wp-content\/uploads\/favicon_Plan-de-travail-1.png\" alt=\"LavToNet star\" width=\"16\" title=\"\"> Institutional housekeeping and food services<\/li><\/ul><p><strong>Our customers include :<\/strong><\/p><ul style=\"list-style: none; padding-left: 0;\"><li><img decoding=\"async\" style=\"vertical-align: middle; margin-right: 8px;\" src=\"https:\/\/lavtonet.ca\/wp-content\/uploads\/favicon_Plan-de-travail-1.png\" alt=\"LavToNet star\" width=\"14\" title=\"\"> Law firms<\/li><li><img decoding=\"async\" style=\"vertical-align: middle; margin-right: 8px;\" src=\"https:\/\/lavtonet.ca\/wp-content\/uploads\/favicon_Plan-de-travail-1.png\" alt=\"LavToNet star\" width=\"14\" title=\"\"> Administrative offices<\/li><li><img decoding=\"async\" style=\"vertical-align: middle; margin-right: 8px;\" src=\"https:\/\/lavtonet.ca\/wp-content\/uploads\/favicon_Plan-de-travail-1.png\" alt=\"LavToNet star\" width=\"14\" title=\"\"> Clinics<\/li><li><img decoding=\"async\" style=\"vertical-align: middle; margin-right: 8px;\" src=\"https:\/\/lavtonet.ca\/wp-content\/uploads\/favicon_Plan-de-travail-1.png\" alt=\"LavToNet star\" width=\"14\" title=\"\"> Local SMEs<\/li><li><img decoding=\"async\" style=\"vertical-align: middle; margin-right: 8px;\" src=\"https:\/\/lavtonet.ca\/wp-content\/uploads\/favicon_Plan-de-travail-1.png\" alt=\"LavToNet star\" width=\"14\" title=\"\"> Retail trade<\/li><\/ul>\t\t\t\t\t\t\t\t<\/div>\n\t\t\t\t<\/div>\n\t\t\t\t<div class=\"elementor-element elementor-element-c3e40b7 elementor-widget elementor-widget-heading\" data-id=\"c3e40b7\" data-element_type=\"widget\" data-e-type=\"widget\" data-widget_type=\"heading.default\">\n\t\t\t\t<div class=\"elementor-widget-container\">\n\t\t\t\t\t<h2 class=\"elementor-heading-title elementor-size-default\">Why choose LavToNet?<\/h2>\t\t\t\t<\/div>\n\t\t\t\t<\/div>\n\t\t\t\t<div class=\"elementor-element elementor-element-5e81bbc9 elementor-widget elementor-widget-text-editor\" data-id=\"5e81bbc9\" data-element_type=\"widget\" data-e-type=\"widget\" data-widget_type=\"text-editor.default\">\n\t\t\t\t<div class=\"elementor-widget-container\">\n\t\t\t\t\t\t\t\t\t<ul style=\"list-style: none; padding-left: 0;\"><li><img decoding=\"async\" style=\"vertical-align: middle; margin-right: 8px;\" src=\"https:\/\/lavtonet.ca\/wp-content\/uploads\/favicon_Plan-de-travail-1.png\" alt=\"LavToNet star\" width=\"16\" title=\"\"> B2B specialization<\/li><li><img decoding=\"async\" style=\"vertical-align: middle; margin-right: 8px;\" src=\"https:\/\/lavtonet.ca\/wp-content\/uploads\/favicon_Plan-de-travail-1.png\" alt=\"LavToNet star\" width=\"16\" title=\"\"> Eco-friendly products<\/li><li><img decoding=\"async\" style=\"vertical-align: middle; margin-right: 8px;\" src=\"https:\/\/lavtonet.ca\/wp-content\/uploads\/favicon_Plan-de-travail-1.png\" alt=\"LavToNet star\" width=\"16\" title=\"\"> Reliable team<\/li><li><img decoding=\"async\" style=\"vertical-align: middle; margin-right: 8px;\" src=\"https:\/\/lavtonet.ca\/wp-content\/uploads\/favicon_Plan-de-travail-1.png\" alt=\"LavToNet star\" width=\"16\" title=\"\"> 24\/7 availability<\/li><\/ul>\t\t\t\t\t\t\t\t<\/div>\n\t\t\t\t<\/div>\n\t\t\t\t<div class=\"elementor-element elementor-element-4531e582 elementor-align-center elementor-widget elementor-widget-button\" data-id=\"4531e582\" data-element_type=\"widget\" data-e-type=\"widget\" data-widget_type=\"button.default\">\n\t\t\t\t<div class=\"elementor-widget-container\">\n\t\t\t\t\t\t\t\t\t<div class=\"elementor-button-wrapper\">\n\t\t\t\t\t<a class=\"elementor-button elementor-button-link elementor-size-sm\" href=\"https:\/\/lavtonet.ca\/en\/contact-us\/\">\n\t\t\t\t\t\t<span class=\"elementor-button-content-wrapper\">\n\t\t\t\t\t\t\t\t\t<span class=\"elementor-button-text\">Get a free quote<\/span>\n\t\t\t\t\t<\/span>\n\t\t\t\t\t<\/a>\n\t\t\t\t<\/div>\n\t\t\t\t\t\t\t\t<\/div>\n\t\t\t\t<\/div>\n\t\t\t\t<div class=\"elementor-element elementor-element-aab33df elementor-skin-carousel elementor-arrows-yes elementor-pagination-type-bullets elementor-pagination-position-outside elementor-widget elementor-widget-media-carousel\" data-id=\"aab33df\" data-element_type=\"widget\" data-e-type=\"widget\" data-settings=\"{&quot;skin&quot;:&quot;carousel&quot;,&quot;effect&quot;:&quot;slide&quot;,&quot;show_arrows&quot;:&quot;yes&quot;,&quot;pagination&quot;:&quot;bullets&quot;,&quot;speed&quot;:500,&quot;autoplay&quot;:&quot;yes&quot;,&quot;autoplay_speed&quot;:5000,&quot;loop&quot;:&quot;yes&quot;,&quot;pause_on_hover&quot;:&quot;yes&quot;,&quot;pause_on_interaction&quot;:&quot;yes&quot;,&quot;space_between&quot;:{&quot;unit&quot;:&quot;px&quot;,&quot;size&quot;:10,&quot;sizes&quot;:[]},&quot;space_between_tablet&quot;:{&quot;unit&quot;:&quot;px&quot;,&quot;size&quot;:10,&quot;sizes&quot;:[]},&quot;space_between_mobile&quot;:{&quot;unit&quot;:&quot;px&quot;,&quot;size&quot;:10,&quot;sizes&quot;:[]}}\" data-widget_type=\"media-carousel.default\">\n\t\t\t\t<div class=\"elementor-widget-container\">\n\t\t\t\t\t\t\t\t\t<div class=\"elementor-swiper\">\n\t\t\t\t\t<div class=\"elementor-main-swiper swiper\" role=\"region\" aria-roledescription=\"carousel\" aria-label=\"Slides\">\n\t\t\t\t<div class=\"swiper-wrapper\">\n\t\t\t\t\t\t\t\t\t\t\t<div class=\"swiper-slide\" role=\"group\" aria-roledescription=\"slide\">\n\t\t\t\t\t\t\t\t\t<div class=\"elementor-carousel-image\" role=\"img\" aria-label=\"Commercial cleaning company in Quebec City\" style=\"background-image: url(&#039;https:\/\/lavtonet.ca\/wp-content\/uploads\/ab1d4123-8cec-4c42-a12f-cb084ad10263.webp&#039;)\">\n\n\t\t\t\n\t\t\t\t\t<\/div>\n\t\t\t\t\t\t\t\t<\/div>\n\t\t\t\t\t\t\t\t\t\t\t<div class=\"swiper-slide\" role=\"group\" aria-roledescription=\"slide\">\n\t\t\t\t\t\t\t\t\t<div class=\"elementor-carousel-image\" role=\"img\" aria-label=\"Commercial cleaning company in Quebec City\" style=\"background-image: url(&#039;https:\/\/lavtonet.ca\/wp-content\/uploads\/fe2b8281-9148-49fb-b791-f03b797ce993.webp&#039;)\">\n\n\t\t\t\n\t\t\t\t\t<\/div>\n\t\t\t\t\t\t\t\t<\/div>\n\t\t\t\t\t\t\t\t\t\t\t<div class=\"swiper-slide\" role=\"group\" aria-roledescription=\"slide\">\n\t\t\t\t\t\t\t\t\t<div class=\"elementor-carousel-image\" role=\"img\" aria-label=\"Commercial cleaning company in Quebec City\" style=\"background-image: url(&#039;https:\/\/lavtonet.ca\/wp-content\/uploads\/33bc5756-a882-4418-8761-67acdfe8f705.webp&#039;)\">\n\n\t\t\t\n\t\t\t\t\t<\/div>\n\t\t\t\t\t\t\t\t<\/div>\n\t\t\t\t\t\t\t\t\t\t\t<div class=\"swiper-slide\" role=\"group\" aria-roledescription=\"slide\">\n\t\t\t\t\t\t\t\t\t<div class=\"elementor-carousel-image\" role=\"img\" aria-label=\"Commercial cleaning company in Quebec City\" style=\"background-image: url(&#039;https:\/\/lavtonet.ca\/wp-content\/uploads\/2bdb8ec5-371b-4e4f-8c78-7e77258daf2a.webp&#039;)\">\n\n\t\t\t\n\t\t\t\t\t<\/div>\n\t\t\t\t\t\t\t\t<\/div>\n\t\t\t\t\t\t\t\t\t\t\t<div class=\"swiper-slide\" role=\"group\" aria-roledescription=\"slide\">\n\t\t\t\t\t\t\t\t\t<div class=\"elementor-carousel-image\" role=\"img\" aria-label=\"commercial cleaning\" style=\"background-image: url(&#039;https:\/\/lavtonet.ca\/wp-content\/uploads\/42249a3c-5507-4a36-9e44-598d55286ead.webp&#039;)\">\n\n\t\t\t\n\t\t\t\t\t<\/div>\n\t\t\t\t\t\t\t\t<\/div>\n\t\t\t\t\t\t\t\t\t<\/div>\n\t\t\t\t\t\t\t\t\t\t\t\t\t\t\t<div class=\"elementor-swiper-button elementor-swiper-button-prev\" role=\"button\" tabindex=\"0\" aria-label=\"Previous\">\n\t\t\t\t\t\t\t<svg aria-hidden=\"true\" class=\"e-font-icon-svg e-eicon-chevron-left\" viewbox=\"0 0 1000 1000\" xmlns=\"http:\/\/www.w3.org\/2000\/svg\"><path d=\"M646 125C629 125 613 133 604 142L308 442C296 454 292 471 292 487 292 504 296 521 308 533L604 854C617 867 629 875 646 875 663 875 679 871 692 858 704 846 713 829 713 812 713 796 708 779 692 767L438 487 692 225C700 217 708 204 708 187 708 171 704 154 692 142 675 129 663 125 646 125Z\"><\/path><\/svg>\t\t\t\t\t\t<\/div>\n\t\t\t\t\t\t<div class=\"elementor-swiper-button elementor-swiper-button-next\" role=\"button\" tabindex=\"0\" aria-label=\"Next\">\n\t\t\t\t\t\t\t<svg aria-hidden=\"true\" class=\"e-font-icon-svg e-eicon-chevron-right\" viewbox=\"0 0 1000 1000\" xmlns=\"http:\/\/www.w3.org\/2000\/svg\"><path d=\"M696 533C708 521 713 504 713 487 713 471 708 454 696 446L400 146C388 133 375 125 354 125 338 125 325 129 313 142 300 154 292 171 292 187 292 204 296 221 308 233L563 492 304 771C292 783 288 800 288 817 288 833 296 850 308 863 321 871 338 875 354 875 371 875 388 867 400 854L696 533Z\"><\/path><\/svg>\t\t\t\t\t\t<\/div>\n\t\t\t\t\t\t\t\t\t\t\t\t\t\t\t\t<div class=\"swiper-pagination\"><\/div>\n\t\t\t\t\t\t\t\t\t\t\t\t<\/div>\n\t\t\t\t<\/div>\n\t\t\t\t\t\t\t\t<\/div>\n\t\t\t\t<\/div>\n\t\t\t\t<div class=\"elementor-element elementor-element-05de638 elementor-widget-mobile__width-initial elementor-widget elementor-widget-html\" data-id=\"05de638\" data-element_type=\"widget\" data-e-type=\"widget\" data-widget_type=\"html.default\">\n\t\t\t\t<div class=\"elementor-widget-container\">\n\t\t\t\t\t<style>\r\n.faq-section {\r\n  max-width: 900px;\r\n  margin: auto;\r\n  font-family: Arial, sans-serif;\r\n}\r\n.faq-item {\r\n  border-bottom: 1px solid #ddd;\r\n}\r\n.faq-question {\r\n  cursor: pointer;\r\n  padding: 15px;\r\n  font-weight: bold;\r\n  position: relative;\r\n  background: #f9f9f9;\r\n}\r\n.faq-question img {\r\n  width: 18px;\r\n  margin-right: 10px;\r\n  vertical-align: middle;\r\n}\r\n.faq-answer {\r\n  display: none;\r\n  padding: 15px;\r\n  background: #fff;\r\n  animation: fadeIn 0.3s ease-in-out;\r\n}\r\n@keyframes fadeIn {\r\n  from { opacity: 0; }\r\n  to { opacity: 1; }\r\n}\r\n<\/style>\r\n\r\n<div class=\"faq-section\">\r\n  <h2>Frequently asked questions - Commercial housekeeping<\/h2>\r\n\r\n  <div class=\"faq-item\">\r\n    <div class=\"faq-question\"><img decoding=\"async\" src=\"https:\/\/lavtonet.ca\/wp-content\/uploads\/favicon_Plan-de-travail-1.png\" alt=\"star\" title=\"\">How much does it cost for a company?<\/div>\r\n    <div class=\"faq-answer\">\r\n      <p>Our rates are based on :<\/p>\r\n      <ul>\r\n        <li>Surface area to be maintained<\/li>\r\n        <li>Frequency of interventions<\/li>\r\n        <li>Type of premises (office, retail, etc.)<\/li>\r\n        <li>Services required (disinfection, stripping, etc.)<\/li>\r\n      <\/ul>\r\n      <p>Request a <strong>free submission<\/strong> for a customized, no-obligation quote.<\/p>\r\n    <\/div>\r\n  <\/div>\r\n\r\n  <div class=\"faq-item\">\r\n    <div class=\"faq-question\"><img decoding=\"async\" src=\"https:\/\/lavtonet.ca\/wp-content\/uploads\/favicon_Plan-de-travail-1.png\" alt=\"star\" title=\"\">Do you work with any institutions?<\/div>\r\n    <div class=\"faq-answer\">\r\n      <p>Yes, we work with :<\/p>\r\n      <ul>\r\n        <li>Schools and training centers<\/li>\r\n        <li>Clinics, CHSLDs, healthcare institutions<\/li>\r\n        <li>Municipal and government buildings<\/li>\r\n        <li>Community organizations<\/li>\r\n      <\/ul>\r\n      <p>Our teams follow strict protocols to guarantee hygiene and safety.<\/p>\r\n    <\/div>\r\n  <\/div>\r\n\r\n  <div class=\"faq-item\">\r\n    <div class=\"faq-question\"><img decoding=\"async\" src=\"https:\/\/lavtonet.ca\/wp-content\/uploads\/favicon_Plan-de-travail-1.png\" alt=\"star\" title=\"\">Do you offer after-hours services?<\/div>\r\n    <div class=\"faq-answer\">\r\n      <p>Yes, we do <strong>evenings, nights and weekends<\/strong> to avoid any disruption to your professional activities.<\/p>\r\n    <\/div>\r\n  <\/div>\r\n\r\n  <div class=\"faq-item\">\r\n    <div class=\"faq-question\"><img decoding=\"async\" src=\"https:\/\/lavtonet.ca\/wp-content\/uploads\/favicon_Plan-de-travail-1.png\" alt=\"star\" title=\"\">Do you supply cleaning products?<\/div>\r\n    <div class=\"faq-answer\">\r\n      <p>Yes, LavToNet supplies all products and equipment. We use <strong>environmentally friendly and safe products<\/strong> tailored to your specific needs.<\/p>\r\n    <\/div>\r\n  <\/div>\r\n\r\n  <div class=\"faq-item\">\r\n    <div class=\"faq-question\"><img decoding=\"async\" src=\"https:\/\/lavtonet.ca\/wp-content\/uploads\/favicon_Plan-de-travail-1.png\" alt=\"star\" title=\"\">Are your employees trained and insured?<\/div>\r\n    <div class=\"faq-answer\">\r\n      <p>Yes, all our employees are <strong>trained, supervised and insured<\/strong>. We carry liability insurance for your protection.<\/p>\r\n    <\/div>\r\n  <\/div>\r\n\r\n  <div class=\"faq-item\">\r\n    <div class=\"faq-question\"><img decoding=\"async\" src=\"https:\/\/lavtonet.ca\/wp-content\/uploads\/favicon_Plan-de-travail-1.png\" alt=\"star\" title=\"\">Are you offering a flexible or long-term contract?<\/div>\r\n    <div class=\"faq-answer\">\r\n      <p>We offer <strong>customized, flexible agreements<\/strong>adjustable to your needs. Reasonable advance notice is always possible.<\/p>\r\n    <\/div>\r\n  <\/div>\r\n\r\n  <div class=\"faq-item\">\r\n    <div class=\"faq-question\"><img decoding=\"async\" src=\"https:\/\/lavtonet.ca\/wp-content\/uploads\/favicon_Plan-de-travail-1.png\" alt=\"star\" title=\"\">Where do you operate?<\/div>\r\n    <div class=\"faq-answer\">\r\n      <p>We cover Quebec City, L\u00e9vis, Portneuf and surrounding areas. Visit our <a href=\"https:\/\/lavtonet.ca\/en\/sectors-served\/\" target=\"_blank\">Areas served<\/a> for more details.<\/p>\r\n    <\/div>\r\n  <\/div>\r\n\r\n  <div class=\"faq-item\">\r\n    <div class=\"faq-question\"><img decoding=\"async\" src=\"https:\/\/lavtonet.ca\/wp-content\/uploads\/favicon_Plan-de-travail-1.png\" alt=\"star\" title=\"\">Do you offer floor stripping and waxing?<\/div>\r\n    <div class=\"faq-answer\">\r\n      <p>Yes, our team offers a complete <strong>stripping and waxing<\/strong> to restore shine and protection to your commercial surfaces.<\/p>\r\n    <\/div>\r\n  <\/div>\r\n\r\n  <div class=\"faq-item\">\r\n    <div class=\"faq-question\"><img decoding=\"async\" src=\"https:\/\/lavtonet.ca\/wp-content\/uploads\/favicon_Plan-de-travail-1.png\" alt=\"star\" title=\"\">Do you perform specialized disinfection (COVID-19, influenza, etc.)?<\/div>\r\n    <div class=\"faq-answer\">\r\n      <p>Yes. We make <strong>targeted disinfection<\/strong> with Health Canada-approved products, according to the strictest hygiene standards.<\/p>\r\n    <\/div>\r\n  <\/div>\r\n\r\n  <div class=\"faq-item\">\r\n    <div class=\"faq-question\"><img decoding=\"async\" src=\"https:\/\/lavtonet.ca\/wp-content\/uploads\/favicon_Plan-de-travail-1.png\" alt=\"star\" title=\"\">Do you offer food maintenance services?<\/div>\r\n    <div class=\"faq-answer\">\r\n      <p>Yes, we work in commercial kitchens and food service environments in compliance with MAPAQ requirements and HACCP best practices.<\/p>\r\n    <\/div>\r\n  <\/div>\r\n\r\n  <div class=\"faq-item\">\r\n    <div class=\"faq-question\"><img decoding=\"async\" src=\"https:\/\/lavtonet.ca\/wp-content\/uploads\/favicon_Plan-de-travail-1.png\" alt=\"star\" title=\"\">Can I get a performance report or follow-up?<\/div>\r\n    <div class=\"faq-answer\">\r\n      <p>Yes. We provide <strong>regular quality monitoring<\/strong> with reports, inspections and communications according to your preferences.<\/p>\r\n    <\/div>\r\n  <\/div>\r\n<\/div>\r\n\r\n<script>\r\n  const faqItems = document.querySelectorAll('.faq-question');\r\n  faqItems.forEach((item) => {\r\n    item.addEventListener('click', () => {\r\n      const answer = item.nextElementSibling;\r\n      const isVisible = answer.style.display === 'block';\r\n      document.querySelectorAll('.faq-answer').forEach(a => a.style.display = 'none');\r\n      answer.style.display = isVisible ? 'none' : 'block';\r\n    });\r\n  });\r\n<\/script>\r\n\t\t\t\t<\/div>\n\t\t\t\t<\/div>\n\t\t\t\t\t<\/div>\n\t\t<\/div>\n\t\t\t\t\t<\/div>\n\t\t<\/section>\n\t\t\t\t<\/div>","protected":false},"excerpt":{"rendered":"<p>Compagnie d\u2019entretien m\u00e9nager commercial \u00e0 Qu\u00e9bec Compagnie d\u2019entretien m\u00e9nager commercial \u00e0 Qu\u00e9bec Depuis 2015, LavToNet accompagne les entreprises et commerces [&hellip;]<\/p>\n","protected":false},"author":6,"featured_media":0,"parent":0,"menu_order":0,"comment_status":"closed","ping_status":"closed","template":"","meta":{"site-sidebar-layout":"no-sidebar","site-content-layout":"","ast-site-content-layout":"full-width-container","site-content-style":"default","site-sidebar-style":"default","ast-global-header-display":"","ast-banner-title-visibility":"","ast-main-header-display":"","ast-hfb-above-header-display":"","ast-hfb-below-header-display":"","ast-hfb-mobile-header-display":"","site-post-title":"disabled","ast-breadcrumbs-content":"","ast-featured-img":"disabled","footer-sml-layout":"","ast-disable-related-posts":"","theme-transparent-header-meta":"default","adv-header-id-meta":"","stick-header-meta":"","header-above-stick-meta":"","header-main-stick-meta":"","header-below-stick-meta":"","astra-migrate-meta-layouts":"set","ast-page-background-enabled":"default","ast-page-background-meta":{"desktop":{"background-color":"var(--ast-global-color-4)","background-image":"","background-repeat":"repeat","background-position":"center center","background-size":"auto","background-attachment":"scroll","background-type":"","background-media":"","overlay-type":"","overlay-color":"","overlay-opacity":"","overlay-gradient":""},"tablet":{"background-color":"","background-image":"","background-repeat":"repeat","background-position":"center center","background-size":"auto","background-attachment":"scroll","background-type":"","background-media":"","overlay-type":"","overlay-color":"","overlay-opacity":"","overlay-gradient":""},"mobile":{"background-color":"","background-image":"","background-repeat":"repeat","background-position":"center center","background-size":"auto","background-attachment":"scroll","background-type":"","background-media":"","overlay-type":"","overlay-color":"","overlay-opacity":"","overlay-gradient":""}},"ast-content-background-meta":{"desktop":{"background-color":"var(--ast-global-color-5)","background-image":"","background-repeat":"repeat","background-position":"center center","background-size":"auto","background-attachment":"scroll","background-type":"","background-media":"","overlay-type":"","overlay-color":"","overlay-opacity":"","overlay-gradient":""},"tablet":{"background-color":"var(--ast-global-color-5)","background-image":"","background-repeat":"repeat","background-position":"center center","background-size":"auto","background-attachment":"scroll","background-type":"","background-media":"","overlay-type":"","overlay-color":"","overlay-opacity":"","overlay-gradient":""},"mobile":{"background-color":"var(--ast-global-color-5)","background-image":"","background-repeat":"repeat","background-position":"center center","background-size":"auto","background-attachment":"scroll","background-type":"","background-media":"","overlay-type":"","overlay-color":"","overlay-opacity":"","overlay-gradient":""}},"footnotes":""},"class_list":["post-2670","page","type-page","status-publish","hentry"],"_links":{"self":[{"href":"https:\/\/lavtonet.ca\/en\/wp-json\/wp\/v2\/pages\/2670","targetHints":{"allow":["GET"]}}],"collection":[{"href":"https:\/\/lavtonet.ca\/en\/wp-json\/wp\/v2\/pages"}],"about":[{"href":"https:\/\/lavtonet.ca\/en\/wp-json\/wp\/v2\/types\/page"}],"author":[{"embeddable":true,"href":"https:\/\/lavtonet.ca\/en\/wp-json\/wp\/v2\/users\/6"}],"replies":[{"embeddable":true,"href":"https:\/\/lavtonet.ca\/en\/wp-json\/wp\/v2\/comments?post=2670"}],"version-history":[{"count":0,"href":"https:\/\/lavtonet.ca\/en\/wp-json\/wp\/v2\/pages\/2670\/revisions"}],"wp:attachment":[{"href":"https:\/\/lavtonet.ca\/en\/wp-json\/wp\/v2\/media?parent=2670"}],"curies":[{"name":"wp","href":"https:\/\/api.w.org\/{rel}","templated":true}]}}